{"id":2410,"date":"2026-03-18T11:37:28","date_gmt":"2026-03-18T10:37:28","guid":{"rendered":"https:\/\/espacioexplora.com\/tienda\/?post_type=product&#038;p=2410"},"modified":"2026-04-11T17:31:04","modified_gmt":"2026-04-11T15:31:04","slug":"la-noche-primaveral-17-de-abril","status":"publish","type":"product","link":"https:\/\/espacioexplora.com\/tienda\/servicio\/la-noche-primaveral-17-de-abril\/","title":{"rendered":"La noche primaveral 17 de abril"},"content":{"rendered":"<p data-start=\"150\" data-end=\"181\"><strong data-start=\"150\" data-end=\"162\">Horario:<\/strong> De 17:30 a 18:30<\/p>\n<p data-start=\"183\" data-end=\"370\"><strong data-start=\"183\" data-end=\"199\">Descripci\u00f3n:\u00a0<\/strong>Cuando cae el atardecer y la primavera comienza a susurrar, aparecen luces que solo se revelan en la oscuridad. En este taller de luz negra, Espacio Explora se transforma en un jard\u00edn nocturno donde la magia florece poco a poco.<\/p>\n<p data-start=\"230\" data-end=\"601\">Bajo la luz ultravioleta, los peques explorar\u00e1n colores fluorescentes inspirados en flores, insectos y peque\u00f1os detalles primaverales que brillan en la penumbra. Materiales sorprendentes cobrar\u00e1n vida mientras juegan y experimentan, estimulando la vista, la atenci\u00f3n y la curiosidad, y desarrollando la coordinaci\u00f3n y la motricidad fina en un ambiente tranquilo y seguro.<\/p>\n<p data-start=\"603\" data-end=\"793\" data-is-last-node=\"\" data-is-only-node=\"\">Un espacio para observar, maravillarse y disfrutar de la noche primaveral desde la calma, compartiendo una experiencia sensorial diferente, envolvente y llena de luz y descubrimientos. \ud83c\udf3c\ud83e\udd8b\u2728<\/p>\n","protected":false},"excerpt":{"rendered":"<p>Horario: De 17:30 a 18:30 Descripci\u00f3n:\u00a0Cuando cae el atardecer y la primavera comienza a susurrar, aparecen luces que solo se revelan en la oscuridad. En este taller de luz negra, Espacio Explora se transforma en un jard\u00edn nocturno donde la magia florece poco a poco. Bajo la luz ultravioleta, los peques explorar\u00e1n colores fluorescentes inspirados [&hellip;]<\/p>\n","protected":false},"featured_media":331,"template":"","meta":{"_uag_custom_page_level_css":"","site-sidebar-layout":"default","site-content-layout":"default","ast-site-content-layout":"default","site-content-style":"default","site-sidebar-style":"default","ast-global-header-display":"","ast-banner-title-visibility":"","ast-main-header-display":"","ast-hfb-above-header-display":"","ast-hfb-below-header-display":"","ast-hfb-mobile-header-display":"","site-post-title":"","ast-breadcrumbs-content":"","ast-featured-img":"","footer-sml-layout":"","ast-disable-related-posts":"","theme-transparent-header-meta":"default","adv-header-id-meta":"","stick-header-meta":"","header-above-stick-meta":"","header-main-stick-meta":"","header-below-stick-meta":"","astra-migrate-meta-layouts":"set","ast-page-background-enabled":"default","ast-page-background-meta":{"desktop":{"background-color":"var(--ast-global-color-4)","background-image":"","background-repeat":"repeat","background-position":"center center","background-size":"auto","background-attachment":"scroll","background-type":"","background-media":"","overlay-type":"","overlay-color":"","overlay-opacity":"","overlay-gradient":""},"tablet":{"background-color":"","background-image":"","background-repeat":"repeat","background-position":"center center","background-size":"auto","background-attachment":"scroll","background-type":"","background-media":"","overlay-type":"","overlay-color":"","overlay-opacity":"","overlay-gradient":""},"mobile":{"background-color":"","background-image":"","background-repeat":"repeat","background-position":"center center","background-size":"auto","background-attachment":"scroll","background-type":"","background-media":"","overlay-type":"","overlay-color":"","overlay-opacity":"","overlay-gradient":""}},"ast-content-background-meta":{"desktop":{"background-color":"var(--ast-global-color-5)","background-image":"","background-repeat":"repeat","background-position":"center center","background-size":"auto","background-attachment":"scroll","background-type":"","background-media":"","overlay-type":"","overlay-color":"","overlay-opacity":"","overlay-gradient":""},"tablet":{"background-color":"var(--ast-global-color-5)","background-image":"","background-repeat":"repeat","background-position":"center center","background-size":"auto","background-attachment":"scroll","background-type":"","background-media":"","overlay-type":"","overlay-color":"","overlay-opacity":"","overlay-gradient":""},"mobile":{"background-color":"var(--ast-global-color-5)","background-image":"","background-repeat":"repeat","background-position":"center center","background-size":"auto","background-attachment":"scroll","background-type":"","background-media":"","overlay-type":"","overlay-color":"","overlay-opacity":"","overlay-gradient":""}}},"product_brand":[],"product_cat":[25],"product_tag":[],"giftcard-category":[],"class_list":{"0":"post-2410","1":"product","2":"type-product","3":"status-publish","4":"has-post-thumbnail","6":"product_cat-taller","7":"desktop-align-left","8":"tablet-align-left","9":"mobile-align-left","11":"first","12":"outofstock","13":"shipping-taxable","14":"purchasable","15":"product-type-simple"},"uagb_featured_image_src":{"full":["https:\/\/espacioexplora.com\/tienda\/wp-content\/uploads\/2023\/09\/Luz-negra.png",800,800,false],"thumbnail":["https:\/\/espacioexplora.com\/tienda\/wp-content\/uploads\/2023\/09\/Luz-negra-150x150.png",150,150,true],"medium":["https:\/\/espacioexplora.com\/tienda\/wp-content\/uploads\/2023\/09\/Luz-negra-300x300.png",300,300,true],"medium_large":["https:\/\/espacioexplora.com\/tienda\/wp-content\/uploads\/2023\/09\/Luz-negra-768x768.png",768,768,true],"large":["https:\/\/espacioexplora.com\/tienda\/wp-content\/uploads\/2023\/09\/Luz-negra.png",800,800,false],"1536x1536":["https:\/\/espacioexplora.com\/tienda\/wp-content\/uploads\/2023\/09\/Luz-negra.png",800,800,false],"2048x2048":["https:\/\/espacioexplora.com\/tienda\/wp-content\/uploads\/2023\/09\/Luz-negra.png",800,800,false],"woocommerce_thumbnail":["https:\/\/espacioexplora.com\/tienda\/wp-content\/uploads\/2023\/09\/Luz-negra-300x300.png",300,300,true],"woocommerce_single":["https:\/\/espacioexplora.com\/tienda\/wp-content\/uploads\/2023\/09\/Luz-negra-600x600.png",600,600,true],"woocommerce_gallery_thumbnail":["https:\/\/espacioexplora.com\/tienda\/wp-content\/uploads\/2023\/09\/Luz-negra-100x100.png",100,100,true]},"uagb_author_info":{"display_name":"lauralahoz@calasanciozgz.org","author_link":"https:\/\/espacioexplora.com\/tienda\/author\/"},"uagb_comment_info":0,"uagb_excerpt":"Horario: De 17:30 a 18:30 Descripci\u00f3n:\u00a0Cuando cae el atardecer y la primavera comienza a susurrar, aparecen luces que solo se revelan en la oscuridad. En este taller de luz negra, Espacio Explora se transforma en un jard\u00edn nocturno donde la magia florece poco a poco. Bajo la luz ultravioleta, los peques explorar\u00e1n colores fluorescentes inspirados&hellip;","publishpress_future_action":{"enabled":true,"date":"2026-04-17 18:37:00","action":"change-status","newStatus":"private","terms":[0],"taxonomy":"product_type","extraData":[]},"publishpress_future_workflow_manual_trigger":{"enabledWorkflows":[]},"_links":{"self":[{"href":"https:\/\/espacioexplora.com\/tienda\/wp-json\/wp\/v2\/product\/2410","targetHints":{"allow":["GET"]}}],"collection":[{"href":"https:\/\/espacioexplora.com\/tienda\/wp-json\/wp\/v2\/product"}],"about":[{"href":"https:\/\/espacioexplora.com\/tienda\/wp-json\/wp\/v2\/types\/product"}],"wp:featuredmedia":[{"embeddable":true,"href":"https:\/\/espacioexplora.com\/tienda\/wp-json\/wp\/v2\/media\/331"}],"wp:attachment":[{"href":"https:\/\/espacioexplora.com\/tienda\/wp-json\/wp\/v2\/media?parent=2410"}],"wp:term":[{"taxonomy":"product_brand","embeddable":true,"href":"https:\/\/espacioexplora.com\/tienda\/wp-json\/wp\/v2\/product_brand?post=2410"},{"taxonomy":"product_cat","embeddable":true,"href":"https:\/\/espacioexplora.com\/tienda\/wp-json\/wp\/v2\/product_cat?post=2410"},{"taxonomy":"product_tag","embeddable":true,"href":"https:\/\/espacioexplora.com\/tienda\/wp-json\/wp\/v2\/product_tag?post=2410"},{"taxonomy":"giftcard-category","embeddable":true,"href":"https:\/\/espacioexplora.com\/tienda\/wp-json\/wp\/v2\/giftcard-category?post=2410"}],"curies":[{"name":"wp","href":"https:\/\/api.w.org\/{rel}","templated":true}]}}