{"id":2443,"date":"2026-04-22T10:10:17","date_gmt":"2026-04-22T08:10:17","guid":{"rendered":"https:\/\/espacioexplora.com\/tienda\/?post_type=product&#038;p=2443"},"modified":"2026-04-24T17:08:14","modified_gmt":"2026-04-24T15:08:14","slug":"mami-te-quiero-8-de-mayo","status":"publish","type":"product","link":"https:\/\/espacioexplora.com\/tienda\/servicio\/mami-te-quiero-8-de-mayo\/","title":{"rendered":"Mami, te quiero 8 de mayo"},"content":{"rendered":"<p><strong>Horario: <\/strong>De 17:30 a 18:30<strong><br \/>\nDescripci\u00f3n: <\/strong>Te invitamos a un taller multisensorial dise\u00f1ado para crear una atm\u00f3sfera m\u00e1gica, donde las familias pueden estrechar lazos y forjar recuerdos inolvidables. En este espacio acogedor, cada actividad est\u00e1 pensada para estimular los sentidos y fomentar la conexi\u00f3n entre padres e hijos. Juntos, explorar\u00e1n texturas, colores y aromas que despertar\u00e1n su curiosidad y creatividad, mientras comparten risas y momentos especiales. \u00a1Ven a vivir una experiencia \u00fanica que fortalecer\u00e1 los v\u00ednculos familiares y dejar\u00e1 huellas en el coraz\u00f3n!<\/p>\n","protected":false},"excerpt":{"rendered":"<p>Horario: De 17:30 a 18:30 Descripci\u00f3n: Te invitamos a un taller multisensorial dise\u00f1ado para crear una atm\u00f3sfera m\u00e1gica, donde las familias pueden estrechar lazos y forjar recuerdos inolvidables. En este espacio acogedor, cada actividad est\u00e1 pensada para estimular los sentidos y fomentar la conexi\u00f3n entre padres e hijos. Juntos, explorar\u00e1n texturas, colores y aromas que [&hellip;]<\/p>\n","protected":false},"featured_media":340,"template":"","meta":{"_uag_custom_page_level_css":"","site-sidebar-layout":"default","site-content-layout":"default","ast-site-content-layout":"default","site-content-style":"default","site-sidebar-style":"default","ast-global-header-display":"","ast-banner-title-visibility":"","ast-main-header-display":"","ast-hfb-above-header-display":"","ast-hfb-below-header-display":"","ast-hfb-mobile-header-display":"","site-post-title":"","ast-breadcrumbs-content":"","ast-featured-img":"","footer-sml-layout":"","ast-disable-related-posts":"","theme-transparent-header-meta":"default","adv-header-id-meta":"","stick-header-meta":"","header-above-stick-meta":"","header-main-stick-meta":"","header-below-stick-meta":"","astra-migrate-meta-layouts":"set","ast-page-background-enabled":"default","ast-page-background-meta":{"desktop":{"background-color":"var(--ast-global-color-4)","background-image":"","background-repeat":"repeat","background-position":"center center","background-size":"auto","background-attachment":"scroll","background-type":"","background-media":"","overlay-type":"","overlay-color":"","overlay-opacity":"","overlay-gradient":""},"tablet":{"background-color":"","background-image":"","background-repeat":"repeat","background-position":"center center","background-size":"auto","background-attachment":"scroll","background-type":"","background-media":"","overlay-type":"","overlay-color":"","overlay-opacity":"","overlay-gradient":""},"mobile":{"background-color":"","background-image":"","background-repeat":"repeat","background-position":"center center","background-size":"auto","background-attachment":"scroll","background-type":"","background-media":"","overlay-type":"","overlay-color":"","overlay-opacity":"","overlay-gradient":""}},"ast-content-background-meta":{"desktop":{"background-color":"var(--ast-global-color-5)","background-image":"","background-repeat":"repeat","background-position":"center center","background-size":"auto","background-attachment":"scroll","background-type":"","background-media":"","overlay-type":"","overlay-color":"","overlay-opacity":"","overlay-gradient":""},"tablet":{"background-color":"var(--ast-global-color-5)","background-image":"","background-repeat":"repeat","background-position":"center center","background-size":"auto","background-attachment":"scroll","background-type":"","background-media":"","overlay-type":"","overlay-color":"","overlay-opacity":"","overlay-gradient":""},"mobile":{"background-color":"var(--ast-global-color-5)","background-image":"","background-repeat":"repeat","background-position":"center center","background-size":"auto","background-attachment":"scroll","background-type":"","background-media":"","overlay-type":"","overlay-color":"","overlay-opacity":"","overlay-gradient":""}}},"product_brand":[],"product_cat":[25],"product_tag":[],"giftcard-category":[],"class_list":{"0":"post-2443","1":"product","2":"type-product","3":"status-publish","4":"has-post-thumbnail","6":"product_cat-taller","7":"desktop-align-left","8":"tablet-align-left","9":"mobile-align-left","11":"first","12":"instock","13":"shipping-taxable","14":"purchasable","15":"product-type-simple"},"uagb_featured_image_src":{"full":["https:\/\/espacioexplora.com\/tienda\/wp-content\/uploads\/2023\/09\/Dia-de-la-madre.png",800,800,false],"thumbnail":["https:\/\/espacioexplora.com\/tienda\/wp-content\/uploads\/2023\/09\/Dia-de-la-madre-150x150.png",150,150,true],"medium":["https:\/\/espacioexplora.com\/tienda\/wp-content\/uploads\/2023\/09\/Dia-de-la-madre-300x300.png",300,300,true],"medium_large":["https:\/\/espacioexplora.com\/tienda\/wp-content\/uploads\/2023\/09\/Dia-de-la-madre-768x768.png",768,768,true],"large":["https:\/\/espacioexplora.com\/tienda\/wp-content\/uploads\/2023\/09\/Dia-de-la-madre.png",800,800,false],"1536x1536":["https:\/\/espacioexplora.com\/tienda\/wp-content\/uploads\/2023\/09\/Dia-de-la-madre.png",800,800,false],"2048x2048":["https:\/\/espacioexplora.com\/tienda\/wp-content\/uploads\/2023\/09\/Dia-de-la-madre.png",800,800,false],"woocommerce_thumbnail":["https:\/\/espacioexplora.com\/tienda\/wp-content\/uploads\/2023\/09\/Dia-de-la-madre-300x300.png",300,300,true],"woocommerce_single":["https:\/\/espacioexplora.com\/tienda\/wp-content\/uploads\/2023\/09\/Dia-de-la-madre-600x600.png",600,600,true],"woocommerce_gallery_thumbnail":["https:\/\/espacioexplora.com\/tienda\/wp-content\/uploads\/2023\/09\/Dia-de-la-madre-100x100.png",100,100,true]},"uagb_author_info":{"display_name":"lauralahoz@calasanciozgz.org","author_link":"https:\/\/espacioexplora.com\/tienda\/author\/"},"uagb_comment_info":0,"uagb_excerpt":"Horario: De 17:30 a 18:30 Descripci\u00f3n: Te invitamos a un taller multisensorial dise\u00f1ado para crear una atm\u00f3sfera m\u00e1gica, donde las familias pueden estrechar lazos y forjar recuerdos inolvidables. En este espacio acogedor, cada actividad est\u00e1 pensada para estimular los sentidos y fomentar la conexi\u00f3n entre padres e hijos. Juntos, explorar\u00e1n texturas, colores y aromas que&hellip;","publishpress_future_action":{"enabled":true,"date":"2026-05-08 19:10:00","action":"change-status","newStatus":"private","terms":[0],"taxonomy":"product_type","extraData":[]},"publishpress_future_workflow_manual_trigger":{"enabledWorkflows":[]},"_links":{"self":[{"href":"https:\/\/espacioexplora.com\/tienda\/wp-json\/wp\/v2\/product\/2443","targetHints":{"allow":["GET"]}}],"collection":[{"href":"https:\/\/espacioexplora.com\/tienda\/wp-json\/wp\/v2\/product"}],"about":[{"href":"https:\/\/espacioexplora.com\/tienda\/wp-json\/wp\/v2\/types\/product"}],"wp:featuredmedia":[{"embeddable":true,"href":"https:\/\/espacioexplora.com\/tienda\/wp-json\/wp\/v2\/media\/340"}],"wp:attachment":[{"href":"https:\/\/espacioexplora.com\/tienda\/wp-json\/wp\/v2\/media?parent=2443"}],"wp:term":[{"taxonomy":"product_brand","embeddable":true,"href":"https:\/\/espacioexplora.com\/tienda\/wp-json\/wp\/v2\/product_brand?post=2443"},{"taxonomy":"product_cat","embeddable":true,"href":"https:\/\/espacioexplora.com\/tienda\/wp-json\/wp\/v2\/product_cat?post=2443"},{"taxonomy":"product_tag","embeddable":true,"href":"https:\/\/espacioexplora.com\/tienda\/wp-json\/wp\/v2\/product_tag?post=2443"},{"taxonomy":"giftcard-category","embeddable":true,"href":"https:\/\/espacioexplora.com\/tienda\/wp-json\/wp\/v2\/giftcard-category?post=2443"}],"curies":[{"name":"wp","href":"https:\/\/api.w.org\/{rel}","templated":true}]}}