{"id":2444,"date":"2026-04-22T10:12:28","date_gmt":"2026-04-22T08:12:28","guid":{"rendered":"https:\/\/espacioexplora.com\/tienda\/?post_type=product&#038;p=2444"},"modified":"2026-04-25T22:58:24","modified_gmt":"2026-04-25T20:58:24","slug":"pintando-la-primavera-15-de-mayo","status":"publish","type":"product","link":"https:\/\/espacioexplora.com\/tienda\/servicio\/pintando-la-primavera-15-de-mayo\/","title":{"rendered":"Pintando la primavera 15 de mayo"},"content":{"rendered":"<p><strong>Horario: <\/strong>De 17:30 a 18:30<strong><br \/>\nDescripci\u00f3n:\u00a0<\/strong>La primavera florece como inspiraci\u00f3n y como lienzo. En este taller de arte, los peques explorar\u00e1n la creatividad a trav\u00e9s de la pintura comestible, descubriendo colores, texturas y sabores que evocan flores, jardines y d\u00edas soleados, invitando a experimentar sin l\u00edmites.<\/p>\n<p data-start=\"293\" data-end=\"641\">Manos curiosas mezclar\u00e1n, extender\u00e1n y crear\u00e1n libremente, estimulando la motricidad fina, la coordinaci\u00f3n y la expresi\u00f3n art\u00edstica, siempre desde el respeto a los ritmos individuales. Los tonos suaves, los colores vivos y los elementos propios de la primavera acompa\u00f1ar\u00e1n la propuesta, conectando arte y naturaleza de una forma sensorial y segura.<\/p>\n<p data-start=\"643\" data-end=\"786\">Un espacio para crear, tocar y disfrutar, donde el proceso importa m\u00e1s que el resultado y donde el arte se vive con todos los sentidos. \ud83c\udf38\ud83c\udfa8\ud83c\udf3c\u2728<\/p>\n<p data-start=\"788\" data-end=\"895\" data-is-last-node=\"\" data-is-only-node=\"\">\u26a0\ufe0f Aviso: la pintura comestible utilizada en el taller contiene l\u00e1cteos y gluten, entre otros ingredientes.<\/p>\n","protected":false},"excerpt":{"rendered":"<p>Horario: De 17:30 a 18:30 Descripci\u00f3n:\u00a0La primavera florece como inspiraci\u00f3n y como lienzo. En este taller de arte, los peques explorar\u00e1n la creatividad a trav\u00e9s de la pintura comestible, descubriendo colores, texturas y sabores que evocan flores, jardines y d\u00edas soleados, invitando a experimentar sin l\u00edmites. Manos curiosas mezclar\u00e1n, extender\u00e1n y crear\u00e1n libremente, estimulando la [&hellip;]<\/p>\n","protected":false},"featured_media":398,"template":"","meta":{"_uag_custom_page_level_css":"","site-sidebar-layout":"default","site-content-layout":"default","ast-site-content-layout":"default","site-content-style":"default","site-sidebar-style":"default","ast-global-header-display":"","ast-banner-title-visibility":"","ast-main-header-display":"","ast-hfb-above-header-display":"","ast-hfb-below-header-display":"","ast-hfb-mobile-header-display":"","site-post-title":"","ast-breadcrumbs-content":"","ast-featured-img":"","footer-sml-layout":"","ast-disable-related-posts":"","theme-transparent-header-meta":"default","adv-header-id-meta":"","stick-header-meta":"","header-above-stick-meta":"","header-main-stick-meta":"","header-below-stick-meta":"","astra-migrate-meta-layouts":"set","ast-page-background-enabled":"default","ast-page-background-meta":{"desktop":{"background-color":"var(--ast-global-color-4)","background-image":"","background-repeat":"repeat","background-position":"center center","background-size":"auto","background-attachment":"scroll","background-type":"","background-media":"","overlay-type":"","overlay-color":"","overlay-opacity":"","overlay-gradient":""},"tablet":{"background-color":"","background-image":"","background-repeat":"repeat","background-position":"center center","background-size":"auto","background-attachment":"scroll","background-type":"","background-media":"","overlay-type":"","overlay-color":"","overlay-opacity":"","overlay-gradient":""},"mobile":{"background-color":"","background-image":"","background-repeat":"repeat","background-position":"center center","background-size":"auto","background-attachment":"scroll","background-type":"","background-media":"","overlay-type":"","overlay-color":"","overlay-opacity":"","overlay-gradient":""}},"ast-content-background-meta":{"desktop":{"background-color":"var(--ast-global-color-5)","background-image":"","background-repeat":"repeat","background-position":"center center","background-size":"auto","background-attachment":"scroll","background-type":"","background-media":"","overlay-type":"","overlay-color":"","overlay-opacity":"","overlay-gradient":""},"tablet":{"background-color":"var(--ast-global-color-5)","background-image":"","background-repeat":"repeat","background-position":"center center","background-size":"auto","background-attachment":"scroll","background-type":"","background-media":"","overlay-type":"","overlay-color":"","overlay-opacity":"","overlay-gradient":""},"mobile":{"background-color":"var(--ast-global-color-5)","background-image":"","background-repeat":"repeat","background-position":"center center","background-size":"auto","background-attachment":"scroll","background-type":"","background-media":"","overlay-type":"","overlay-color":"","overlay-opacity":"","overlay-gradient":""}}},"product_brand":[],"product_cat":[25],"product_tag":[],"giftcard-category":[],"class_list":{"0":"post-2444","1":"product","2":"type-product","3":"status-publish","4":"has-post-thumbnail","6":"product_cat-taller","7":"desktop-align-left","8":"tablet-align-left","9":"mobile-align-left","11":"first","12":"instock","13":"shipping-taxable","14":"purchasable","15":"product-type-simple"},"uagb_featured_image_src":{"full":["https:\/\/espacioexplora.com\/tienda\/wp-content\/uploads\/2023\/10\/pintura2.png",800,800,false],"thumbnail":["https:\/\/espacioexplora.com\/tienda\/wp-content\/uploads\/2023\/10\/pintura2-150x150.png",150,150,true],"medium":["https:\/\/espacioexplora.com\/tienda\/wp-content\/uploads\/2023\/10\/pintura2-300x300.png",300,300,true],"medium_large":["https:\/\/espacioexplora.com\/tienda\/wp-content\/uploads\/2023\/10\/pintura2-768x768.png",768,768,true],"large":["https:\/\/espacioexplora.com\/tienda\/wp-content\/uploads\/2023\/10\/pintura2.png",800,800,false],"1536x1536":["https:\/\/espacioexplora.com\/tienda\/wp-content\/uploads\/2023\/10\/pintura2.png",800,800,false],"2048x2048":["https:\/\/espacioexplora.com\/tienda\/wp-content\/uploads\/2023\/10\/pintura2.png",800,800,false],"woocommerce_thumbnail":["https:\/\/espacioexplora.com\/tienda\/wp-content\/uploads\/2023\/10\/pintura2-300x300.png",300,300,true],"woocommerce_single":["https:\/\/espacioexplora.com\/tienda\/wp-content\/uploads\/2023\/10\/pintura2-600x600.png",600,600,true],"woocommerce_gallery_thumbnail":["https:\/\/espacioexplora.com\/tienda\/wp-content\/uploads\/2023\/10\/pintura2-100x100.png",100,100,true]},"uagb_author_info":{"display_name":"lauralahoz@calasanciozgz.org","author_link":"https:\/\/espacioexplora.com\/tienda\/author\/"},"uagb_comment_info":0,"uagb_excerpt":"Horario: De 17:30 a 18:30 Descripci\u00f3n:\u00a0La primavera florece como inspiraci\u00f3n y como lienzo. En este taller de arte, los peques explorar\u00e1n la creatividad a trav\u00e9s de la pintura comestible, descubriendo colores, texturas y sabores que evocan flores, jardines y d\u00edas soleados, invitando a experimentar sin l\u00edmites. Manos curiosas mezclar\u00e1n, extender\u00e1n y crear\u00e1n libremente, estimulando la&hellip;","publishpress_future_action":{"enabled":true,"date":"2026-05-15 19:12:00","action":"change-status","newStatus":"private","terms":[0],"taxonomy":"product_type","extraData":[]},"publishpress_future_workflow_manual_trigger":{"enabledWorkflows":[]},"_links":{"self":[{"href":"https:\/\/espacioexplora.com\/tienda\/wp-json\/wp\/v2\/product\/2444","targetHints":{"allow":["GET"]}}],"collection":[{"href":"https:\/\/espacioexplora.com\/tienda\/wp-json\/wp\/v2\/product"}],"about":[{"href":"https:\/\/espacioexplora.com\/tienda\/wp-json\/wp\/v2\/types\/product"}],"wp:featuredmedia":[{"embeddable":true,"href":"https:\/\/espacioexplora.com\/tienda\/wp-json\/wp\/v2\/media\/398"}],"wp:attachment":[{"href":"https:\/\/espacioexplora.com\/tienda\/wp-json\/wp\/v2\/media?parent=2444"}],"wp:term":[{"taxonomy":"product_brand","embeddable":true,"href":"https:\/\/espacioexplora.com\/tienda\/wp-json\/wp\/v2\/product_brand?post=2444"},{"taxonomy":"product_cat","embeddable":true,"href":"https:\/\/espacioexplora.com\/tienda\/wp-json\/wp\/v2\/product_cat?post=2444"},{"taxonomy":"product_tag","embeddable":true,"href":"https:\/\/espacioexplora.com\/tienda\/wp-json\/wp\/v2\/product_tag?post=2444"},{"taxonomy":"giftcard-category","embeddable":true,"href":"https:\/\/espacioexplora.com\/tienda\/wp-json\/wp\/v2\/giftcard-category?post=2444"}],"curies":[{"name":"wp","href":"https:\/\/api.w.org\/{rel}","templated":true}]}}