{"id":2445,"date":"2026-04-22T10:16:44","date_gmt":"2026-04-22T08:16:44","guid":{"rendered":"https:\/\/espacioexplora.com\/tienda\/?post_type=product&#038;p=2445"},"modified":"2026-04-25T18:02:46","modified_gmt":"2026-04-25T16:02:46","slug":"primavera-en-tus-manos-22-de-mayo","status":"publish","type":"product","link":"https:\/\/espacioexplora.com\/tienda\/servicio\/primavera-en-tus-manos-22-de-mayo\/","title":{"rendered":"Primavera en tus manos 22 de mayo"},"content":{"rendered":"<p><strong>Horario:<\/strong>\u00a0De 17:30 a 18:30<br \/>\n<strong>Descripci\u00f3n:\u00a0<\/strong>La primavera despierta los sentidos y llena el ambiente de vida. En este taller de masas sensoriales, los peques explorar\u00e1n, manipular\u00e1n y crear\u00e1n con diferentes texturas inspiradas en flores, jardines y peque\u00f1os tesoros de la naturaleza, invitando a jugar y descubrir sin l\u00edmites.<\/p>\n<p data-start=\"302\" data-end=\"649\">Manos inquietas amasar\u00e1n, aplastar\u00e1n, estirar\u00e1n y dar\u00e1n forma libremente, favoreciendo la motricidad fina, la coordinaci\u00f3n y la creatividad, siempre respetando los ritmos individuales. Los colores suaves y vibrantes de la primavera, junto a elementos naturales, acompa\u00f1ar\u00e1n la propuesta, creando una experiencia sensorial rica, tranquila y segura.<\/p>\n<p data-start=\"651\" data-end=\"834\">Un espacio para experimentar, tocar y disfrutar, donde el juego es el protagonista y donde cada creaci\u00f3n nace desde la curiosidad y el placer de explorar con todos los sentidos. \ud83c\udf38\ud83c\udf3f\u2728<\/p>\n<p data-start=\"836\" data-end=\"945\" data-is-last-node=\"\" data-is-only-node=\"\">\u26a0\ufe0f Aviso: las masas sensoriales utilizadas en el taller contienen l\u00e1cteos y gluten, entre otros ingredientes.<\/p>\n","protected":false},"excerpt":{"rendered":"<p>Horario:\u00a0De 17:30 a 18:30 Descripci\u00f3n:\u00a0La primavera despierta los sentidos y llena el ambiente de vida. En este taller de masas sensoriales, los peques explorar\u00e1n, manipular\u00e1n y crear\u00e1n con diferentes texturas inspiradas en flores, jardines y peque\u00f1os tesoros de la naturaleza, invitando a jugar y descubrir sin l\u00edmites. Manos inquietas amasar\u00e1n, aplastar\u00e1n, estirar\u00e1n y dar\u00e1n forma [&hellip;]<\/p>\n","protected":false},"featured_media":330,"template":"","meta":{"_uag_custom_page_level_css":"","site-sidebar-layout":"default","site-content-layout":"default","ast-site-content-layout":"default","site-content-style":"default","site-sidebar-style":"default","ast-global-header-display":"","ast-banner-title-visibility":"","ast-main-header-display":"","ast-hfb-above-header-display":"","ast-hfb-below-header-display":"","ast-hfb-mobile-header-display":"","site-post-title":"","ast-breadcrumbs-content":"","ast-featured-img":"","footer-sml-layout":"","ast-disable-related-posts":"","theme-transparent-header-meta":"default","adv-header-id-meta":"","stick-header-meta":"","header-above-stick-meta":"","header-main-stick-meta":"","header-below-stick-meta":"","astra-migrate-meta-layouts":"set","ast-page-background-enabled":"default","ast-page-background-meta":{"desktop":{"background-color":"var(--ast-global-color-4)","background-image":"","background-repeat":"repeat","background-position":"center center","background-size":"auto","background-attachment":"scroll","background-type":"","background-media":"","overlay-type":"","overlay-color":"","overlay-opacity":"","overlay-gradient":""},"tablet":{"background-color":"","background-image":"","background-repeat":"repeat","background-position":"center center","background-size":"auto","background-attachment":"scroll","background-type":"","background-media":"","overlay-type":"","overlay-color":"","overlay-opacity":"","overlay-gradient":""},"mobile":{"background-color":"","background-image":"","background-repeat":"repeat","background-position":"center center","background-size":"auto","background-attachment":"scroll","background-type":"","background-media":"","overlay-type":"","overlay-color":"","overlay-opacity":"","overlay-gradient":""}},"ast-content-background-meta":{"desktop":{"background-color":"var(--ast-global-color-5)","background-image":"","background-repeat":"repeat","background-position":"center center","background-size":"auto","background-attachment":"scroll","background-type":"","background-media":"","overlay-type":"","overlay-color":"","overlay-opacity":"","overlay-gradient":""},"tablet":{"background-color":"var(--ast-global-color-5)","background-image":"","background-repeat":"repeat","background-position":"center center","background-size":"auto","background-attachment":"scroll","background-type":"","background-media":"","overlay-type":"","overlay-color":"","overlay-opacity":"","overlay-gradient":""},"mobile":{"background-color":"var(--ast-global-color-5)","background-image":"","background-repeat":"repeat","background-position":"center center","background-size":"auto","background-attachment":"scroll","background-type":"","background-media":"","overlay-type":"","overlay-color":"","overlay-opacity":"","overlay-gradient":""}}},"product_brand":[],"product_cat":[25],"product_tag":[],"giftcard-category":[],"class_list":{"0":"post-2445","1":"product","2":"type-product","3":"status-publish","4":"has-post-thumbnail","6":"product_cat-taller","7":"desktop-align-left","8":"tablet-align-left","9":"mobile-align-left","11":"first","12":"outofstock","13":"shipping-taxable","14":"purchasable","15":"product-type-simple"},"uagb_featured_image_src":{"full":["https:\/\/espacioexplora.com\/tienda\/wp-content\/uploads\/2023\/09\/Masas-sensoriales.png",800,800,false],"thumbnail":["https:\/\/espacioexplora.com\/tienda\/wp-content\/uploads\/2023\/09\/Masas-sensoriales-150x150.png",150,150,true],"medium":["https:\/\/espacioexplora.com\/tienda\/wp-content\/uploads\/2023\/09\/Masas-sensoriales-300x300.png",300,300,true],"medium_large":["https:\/\/espacioexplora.com\/tienda\/wp-content\/uploads\/2023\/09\/Masas-sensoriales-768x768.png",768,768,true],"large":["https:\/\/espacioexplora.com\/tienda\/wp-content\/uploads\/2023\/09\/Masas-sensoriales.png",800,800,false],"1536x1536":["https:\/\/espacioexplora.com\/tienda\/wp-content\/uploads\/2023\/09\/Masas-sensoriales.png",800,800,false],"2048x2048":["https:\/\/espacioexplora.com\/tienda\/wp-content\/uploads\/2023\/09\/Masas-sensoriales.png",800,800,false],"woocommerce_thumbnail":["https:\/\/espacioexplora.com\/tienda\/wp-content\/uploads\/2023\/09\/Masas-sensoriales-300x300.png",300,300,true],"woocommerce_single":["https:\/\/espacioexplora.com\/tienda\/wp-content\/uploads\/2023\/09\/Masas-sensoriales-600x600.png",600,600,true],"woocommerce_gallery_thumbnail":["https:\/\/espacioexplora.com\/tienda\/wp-content\/uploads\/2023\/09\/Masas-sensoriales-100x100.png",100,100,true]},"uagb_author_info":{"display_name":"lauralahoz@calasanciozgz.org","author_link":"https:\/\/espacioexplora.com\/tienda\/author\/"},"uagb_comment_info":0,"uagb_excerpt":"Horario:\u00a0De 17:30 a 18:30 Descripci\u00f3n:\u00a0La primavera despierta los sentidos y llena el ambiente de vida. En este taller de masas sensoriales, los peques explorar\u00e1n, manipular\u00e1n y crear\u00e1n con diferentes texturas inspiradas en flores, jardines y peque\u00f1os tesoros de la naturaleza, invitando a jugar y descubrir sin l\u00edmites. Manos inquietas amasar\u00e1n, aplastar\u00e1n, estirar\u00e1n y dar\u00e1n forma&hellip;","publishpress_future_action":{"enabled":true,"date":"2026-05-22 19:16:00","action":"change-status","newStatus":"private","terms":[0],"taxonomy":"product_type","extraData":[]},"publishpress_future_workflow_manual_trigger":{"enabledWorkflows":[]},"_links":{"self":[{"href":"https:\/\/espacioexplora.com\/tienda\/wp-json\/wp\/v2\/product\/2445","targetHints":{"allow":["GET"]}}],"collection":[{"href":"https:\/\/espacioexplora.com\/tienda\/wp-json\/wp\/v2\/product"}],"about":[{"href":"https:\/\/espacioexplora.com\/tienda\/wp-json\/wp\/v2\/types\/product"}],"wp:featuredmedia":[{"embeddable":true,"href":"https:\/\/espacioexplora.com\/tienda\/wp-json\/wp\/v2\/media\/330"}],"wp:attachment":[{"href":"https:\/\/espacioexplora.com\/tienda\/wp-json\/wp\/v2\/media?parent=2445"}],"wp:term":[{"taxonomy":"product_brand","embeddable":true,"href":"https:\/\/espacioexplora.com\/tienda\/wp-json\/wp\/v2\/product_brand?post=2445"},{"taxonomy":"product_cat","embeddable":true,"href":"https:\/\/espacioexplora.com\/tienda\/wp-json\/wp\/v2\/product_cat?post=2445"},{"taxonomy":"product_tag","embeddable":true,"href":"https:\/\/espacioexplora.com\/tienda\/wp-json\/wp\/v2\/product_tag?post=2445"},{"taxonomy":"giftcard-category","embeddable":true,"href":"https:\/\/espacioexplora.com\/tienda\/wp-json\/wp\/v2\/giftcard-category?post=2445"}],"curies":[{"name":"wp","href":"https:\/\/api.w.org\/{rel}","templated":true}]}}