{"id":2446,"date":"2026-04-22T10:19:49","date_gmt":"2026-04-22T08:19:49","guid":{"rendered":"https:\/\/espacioexplora.com\/tienda\/?post_type=product&#038;p=2446"},"modified":"2026-04-25T22:58:24","modified_gmt":"2026-04-25T20:58:24","slug":"amanecer-en-el-bosque-29-de-mayo","status":"publish","type":"product","link":"https:\/\/espacioexplora.com\/tienda\/servicio\/amanecer-en-el-bosque-29-de-mayo\/","title":{"rendered":"Amanecer en el bosque 29 de mayo"},"content":{"rendered":"<p><strong>Horario:<\/strong>\u00a0De 17:30 a 18:30<br \/>\n<strong>Descripci\u00f3n:\u00a0<\/strong>La primavera se llena de luz, reflejos y peque\u00f1os destellos que despiertan la curiosidad. En este taller de luces, los peques explorar\u00e1n un universo luminoso donde sombras, transparencias y colores suaves se transforman en juego, invitando a descubrir c\u00f3mo la luz cambia todo a su alrededor.<\/p>\n<p data-start=\"312\" data-end=\"629\">A trav\u00e9s de materiales transl\u00facidos, objetos naturales de primavera y diferentes fuentes de luz blanca y c\u00e1lida, experimentar\u00e1n libremente con reflejos, proyecciones y contrastes. Encender\u00e1n su imaginaci\u00f3n mientras desarrollan la atenci\u00f3n, la observaci\u00f3n y la coordinaci\u00f3n, siempre respetando sus ritmos individuales.<\/p>\n<p data-start=\"631\" data-end=\"802\">Un espacio m\u00e1gico para mirar, explorar y asombrarse, donde la luz se convierte en herramienta de juego y creaci\u00f3n, y donde cada descubrimiento nace de la curiosidad. \ud83c\udf38\u2728\ud83d\udca1<\/p>\n","protected":false},"excerpt":{"rendered":"<p>Horario:\u00a0De 17:30 a 18:30 Descripci\u00f3n:\u00a0La primavera se llena de luz, reflejos y peque\u00f1os destellos que despiertan la curiosidad. En este taller de luces, los peques explorar\u00e1n un universo luminoso donde sombras, transparencias y colores suaves se transforman en juego, invitando a descubrir c\u00f3mo la luz cambia todo a su alrededor. A trav\u00e9s de materiales transl\u00facidos, [&hellip;]<\/p>\n","protected":false},"featured_media":325,"template":"","meta":{"_uag_custom_page_level_css":"","site-sidebar-layout":"default","site-content-layout":"default","ast-site-content-layout":"default","site-content-style":"default","site-sidebar-style":"default","ast-global-header-display":"","ast-banner-title-visibility":"","ast-main-header-display":"","ast-hfb-above-header-display":"","ast-hfb-below-header-display":"","ast-hfb-mobile-header-display":"","site-post-title":"","ast-breadcrumbs-content":"","ast-featured-img":"","footer-sml-layout":"","ast-disable-related-posts":"","theme-transparent-header-meta":"default","adv-header-id-meta":"","stick-header-meta":"","header-above-stick-meta":"","header-main-stick-meta":"","header-below-stick-meta":"","astra-migrate-meta-layouts":"set","ast-page-background-enabled":"default","ast-page-background-meta":{"desktop":{"background-color":"var(--ast-global-color-4)","background-image":"","background-repeat":"repeat","background-position":"center center","background-size":"auto","background-attachment":"scroll","background-type":"","background-media":"","overlay-type":"","overlay-color":"","overlay-opacity":"","overlay-gradient":""},"tablet":{"background-color":"","background-image":"","background-repeat":"repeat","background-position":"center center","background-size":"auto","background-attachment":"scroll","background-type":"","background-media":"","overlay-type":"","overlay-color":"","overlay-opacity":"","overlay-gradient":""},"mobile":{"background-color":"","background-image":"","background-repeat":"repeat","background-position":"center center","background-size":"auto","background-attachment":"scroll","background-type":"","background-media":"","overlay-type":"","overlay-color":"","overlay-opacity":"","overlay-gradient":""}},"ast-content-background-meta":{"desktop":{"background-color":"var(--ast-global-color-5)","background-image":"","background-repeat":"repeat","background-position":"center center","background-size":"auto","background-attachment":"scroll","background-type":"","background-media":"","overlay-type":"","overlay-color":"","overlay-opacity":"","overlay-gradient":""},"tablet":{"background-color":"var(--ast-global-color-5)","background-image":"","background-repeat":"repeat","background-position":"center center","background-size":"auto","background-attachment":"scroll","background-type":"","background-media":"","overlay-type":"","overlay-color":"","overlay-opacity":"","overlay-gradient":""},"mobile":{"background-color":"var(--ast-global-color-5)","background-image":"","background-repeat":"repeat","background-position":"center center","background-size":"auto","background-attachment":"scroll","background-type":"","background-media":"","overlay-type":"","overlay-color":"","overlay-opacity":"","overlay-gradient":""}}},"product_brand":[],"product_cat":[25],"product_tag":[],"giftcard-category":[],"class_list":{"0":"post-2446","1":"product","2":"type-product","3":"status-publish","4":"has-post-thumbnail","6":"product_cat-taller","7":"desktop-align-left","8":"tablet-align-left","9":"mobile-align-left","11":"first","12":"instock","13":"shipping-taxable","14":"purchasable","15":"product-type-simple"},"uagb_featured_image_src":{"full":["https:\/\/espacioexplora.com\/tienda\/wp-content\/uploads\/2023\/09\/Luces-e1776846042872.png",445,437,false],"thumbnail":["https:\/\/espacioexplora.com\/tienda\/wp-content\/uploads\/2023\/09\/Luces-e1776846042872-150x150.png",150,150,true],"medium":["https:\/\/espacioexplora.com\/tienda\/wp-content\/uploads\/2023\/09\/Luces-e1776846042872-300x295.png",300,295,true],"medium_large":["https:\/\/espacioexplora.com\/tienda\/wp-content\/uploads\/2023\/09\/Luces-768x768.png",768,768,true],"large":["https:\/\/espacioexplora.com\/tienda\/wp-content\/uploads\/2023\/09\/Luces-e1776846042872.png",445,437,false],"1536x1536":["https:\/\/espacioexplora.com\/tienda\/wp-content\/uploads\/2023\/09\/Luces-e1776846042872.png",445,437,false],"2048x2048":["https:\/\/espacioexplora.com\/tienda\/wp-content\/uploads\/2023\/09\/Luces-e1776846042872.png",445,437,false],"woocommerce_thumbnail":["https:\/\/espacioexplora.com\/tienda\/wp-content\/uploads\/2023\/09\/Luces-e1776846042872-300x300.png",300,300,true],"woocommerce_single":["https:\/\/espacioexplora.com\/tienda\/wp-content\/uploads\/2023\/09\/Luces-e1776846042872.png",445,437,false],"woocommerce_gallery_thumbnail":["https:\/\/espacioexplora.com\/tienda\/wp-content\/uploads\/2023\/09\/Luces-e1776846042872-100x100.png",100,100,true]},"uagb_author_info":{"display_name":"lauralahoz@calasanciozgz.org","author_link":"https:\/\/espacioexplora.com\/tienda\/author\/"},"uagb_comment_info":0,"uagb_excerpt":"Horario:\u00a0De 17:30 a 18:30 Descripci\u00f3n:\u00a0La primavera se llena de luz, reflejos y peque\u00f1os destellos que despiertan la curiosidad. En este taller de luces, los peques explorar\u00e1n un universo luminoso donde sombras, transparencias y colores suaves se transforman en juego, invitando a descubrir c\u00f3mo la luz cambia todo a su alrededor. A trav\u00e9s de materiales transl\u00facidos,&hellip;","publishpress_future_action":{"enabled":true,"date":"2026-05-29 19:19:00","action":"change-status","newStatus":"private","terms":[0],"taxonomy":"product_type","extraData":[]},"publishpress_future_workflow_manual_trigger":{"enabledWorkflows":[]},"_links":{"self":[{"href":"https:\/\/espacioexplora.com\/tienda\/wp-json\/wp\/v2\/product\/2446","targetHints":{"allow":["GET"]}}],"collection":[{"href":"https:\/\/espacioexplora.com\/tienda\/wp-json\/wp\/v2\/product"}],"about":[{"href":"https:\/\/espacioexplora.com\/tienda\/wp-json\/wp\/v2\/types\/product"}],"wp:featuredmedia":[{"embeddable":true,"href":"https:\/\/espacioexplora.com\/tienda\/wp-json\/wp\/v2\/media\/325"}],"wp:attachment":[{"href":"https:\/\/espacioexplora.com\/tienda\/wp-json\/wp\/v2\/media?parent=2446"}],"wp:term":[{"taxonomy":"product_brand","embeddable":true,"href":"https:\/\/espacioexplora.com\/tienda\/wp-json\/wp\/v2\/product_brand?post=2446"},{"taxonomy":"product_cat","embeddable":true,"href":"https:\/\/espacioexplora.com\/tienda\/wp-json\/wp\/v2\/product_cat?post=2446"},{"taxonomy":"product_tag","embeddable":true,"href":"https:\/\/espacioexplora.com\/tienda\/wp-json\/wp\/v2\/product_tag?post=2446"},{"taxonomy":"giftcard-category","embeddable":true,"href":"https:\/\/espacioexplora.com\/tienda\/wp-json\/wp\/v2\/giftcard-category?post=2446"}],"curies":[{"name":"wp","href":"https:\/\/api.w.org\/{rel}","templated":true}]}}